{"id":1795,"date":"2021-11-12T17:50:32","date_gmt":"2021-11-12T17:50:32","guid":{"rendered":"https:\/\/neuroclinicbarrie.com\/?post_type=product&#038;p=1795"},"modified":"2023-05-16T23:01:12","modified_gmt":"2023-05-16T23:01:12","slug":"neurodeveloppement-au-travers-du-mouvement","status":"publish","type":"product","link":"https:\/\/neuroclinicbarrie.com\/de\/product\/neurodeveloppement-au-travers-du-mouvement\/","title":{"rendered":"Neurod\u00e9veloppement au Travers du Mouvement"},"content":{"rendered":"<p>Ces mouvements visent \u00e0 activer les fonctions du syst\u00e8me nerveux central (dans les domaines du visuel, de l\u2019auditif, du tactile, de la mobilit\u00e9, du lan- gage et du manuel) qui doivent \u00eatre en place de la naissance jusqu\u2019\u00e0 l\u2019\u00e2ge de 7 ans pour que l\u2019enfant soit un apprenant efficace avec une attention s\u00e9- lective et soutenue ainsi qu\u2019un contr\u00f4le \u00e9motif.<\/p>\n","protected":false},"excerpt":{"rendered":"<p>Neurod\u00e9veloppement au Travers du Mouvement<br \/>\nPar Suzanne Day, neuropsychologue \u2013 $120.00 CAD<\/p>\n","protected":false},"featured_media":1447,"comment_status":"open","ping_status":"closed","template":"","meta":[],"product_brand":[],"product_cat":[21],"product_tag":[],"class_list":{"0":"post-1795","1":"product","2":"type-product","3":"status-publish","4":"has-post-thumbnail","6":"product_cat-uncategorized","8":"first","9":"instock","10":"virtual","11":"sold-individually","12":"purchasable","13":"product-type-simple"},"translation":{"provider":"WPGlobus","version":"3.0.2","language":"de","enabled_languages":["en","es","de","fr","ru"],"languages":{"en":{"title":true,"content":true,"excerpt":true},"es":{"title":false,"content":false,"excerpt":false},"de":{"title":false,"content":false,"excerpt":false},"fr":{"title":false,"content":false,"excerpt":false},"ru":{"title":false,"content":false,"excerpt":false}}},"yoast_head":"<!-- This site is optimized with the Yoast SEO plugin v27.3 - https:\/\/yoast.com\/product\/yoast-seo-wordpress\/ -->\n<title>Neurod\u00e9veloppement au Travers du Mouvement - Neuro Clinic<\/title>\n<meta name=\"robots\" content=\"index, follow, max-snippet:-1, max-image-preview:large, max-video-preview:-1\" \/>\n<link rel=\"canonical\" href=\"https:\/\/neuroclinicbarrie.com\/product\/neurodeveloppement-au-travers-du-mouvement\/\" \/>\n<meta property=\"og:locale\" content=\"de_DE\" \/>\n<meta property=\"og:type\" content=\"article\" \/>\n<meta property=\"og:title\" content=\"Neurod\u00e9veloppement au Travers du Mouvement - Neuro Clinic\" \/>\n<meta property=\"og:url\" content=\"https:\/\/neuroclinicbarrie.com\/product\/neurodeveloppement-au-travers-du-mouvement\/\" \/>\n<meta property=\"og:site_name\" content=\"Neuro Clinic\" \/>\n<meta property=\"article:modified_time\" content=\"2023-05-16T23:01:12+00:00\" \/>\n<meta property=\"og:image\" content=\"https:\/\/neuroclinicbarrie.com\/wp-content\/uploads\/2014\/03\/11_fr1-1.jpg\" \/>\n\t<meta property=\"og:image:width\" content=\"256\" \/>\n\t<meta property=\"og:image:height\" content=\"313\" \/>\n\t<meta property=\"og:image:type\" content=\"image\/jpeg\" \/>\n<meta name=\"twitter:card\" content=\"summary_large_image\" \/>\n<meta name=\"twitter:label1\" content=\"Est. reading time\" \/>\n\t<meta name=\"twitter:data1\" content=\"1 minute\" \/>\n<script type=\"application\/ld+json\" class=\"yoast-schema-graph\">{\"@context\":\"https:\\\/\\\/schema.org\",\"@graph\":[{\"@type\":\"WebPage\",\"@id\":\"https:\\\/\\\/neuroclinicbarrie.com\\\/product\\\/neurodeveloppement-au-travers-du-mouvement\\\/\",\"url\":\"https:\\\/\\\/neuroclinicbarrie.com\\\/product\\\/neurodeveloppement-au-travers-du-mouvement\\\/\",\"name\":\"Neurod\u00e9veloppement au Travers du Mouvement - Neuro Clinic\",\"isPartOf\":{\"@id\":\"https:\\\/\\\/neuroclinicbarrie.com\\\/de\\\/#website\"},\"primaryImageOfPage\":{\"@id\":\"https:\\\/\\\/neuroclinicbarrie.com\\\/product\\\/neurodeveloppement-au-travers-du-mouvement\\\/#primaryimage\"},\"image\":{\"@id\":\"https:\\\/\\\/neuroclinicbarrie.com\\\/product\\\/neurodeveloppement-au-travers-du-mouvement\\\/#primaryimage\"},\"thumbnailUrl\":\"https:\\\/\\\/neuroclinicbarrie.com\\\/wp-content\\\/uploads\\\/2014\\\/03\\\/11_fr1-1.jpg\",\"datePublished\":\"2021-11-12T17:50:32+00:00\",\"dateModified\":\"2023-05-16T23:01:12+00:00\",\"breadcrumb\":{\"@id\":\"https:\\\/\\\/neuroclinicbarrie.com\\\/product\\\/neurodeveloppement-au-travers-du-mouvement\\\/#breadcrumb\"},\"inLanguage\":\"de-DE\",\"potentialAction\":[{\"@type\":\"ReadAction\",\"target\":[\"https:\\\/\\\/neuroclinicbarrie.com\\\/product\\\/neurodeveloppement-au-travers-du-mouvement\\\/\"]}]},{\"@type\":\"ImageObject\",\"inLanguage\":\"de-DE\",\"@id\":\"https:\\\/\\\/neuroclinicbarrie.com\\\/product\\\/neurodeveloppement-au-travers-du-mouvement\\\/#primaryimage\",\"url\":\"https:\\\/\\\/neuroclinicbarrie.com\\\/wp-content\\\/uploads\\\/2014\\\/03\\\/11_fr1-1.jpg\",\"contentUrl\":\"https:\\\/\\\/neuroclinicbarrie.com\\\/wp-content\\\/uploads\\\/2014\\\/03\\\/11_fr1-1.jpg\",\"width\":256,\"height\":313},{\"@type\":\"BreadcrumbList\",\"@id\":\"https:\\\/\\\/neuroclinicbarrie.com\\\/product\\\/neurodeveloppement-au-travers-du-mouvement\\\/#breadcrumb\",\"itemListElement\":[{\"@type\":\"ListItem\",\"position\":1,\"name\":\"Home\",\"item\":\"https:\\\/\\\/neuroclinicbarrie.com\\\/de\\\/\"},{\"@type\":\"ListItem\",\"position\":2,\"name\":\"Neurod\u00e9veloppement au Travers du Mouvement\"}]},{\"@type\":\"WebSite\",\"@id\":\"https:\\\/\\\/neuroclinicbarrie.com\\\/de\\\/#website\",\"url\":\"https:\\\/\\\/neuroclinicbarrie.com\\\/de\\\/\",\"name\":\"Neuro Clinic\",\"description\":\"Neurofeedback &amp; Neurodevelopment\",\"potentialAction\":[{\"@type\":\"SearchAction\",\"target\":{\"@type\":\"EntryPoint\",\"urlTemplate\":\"https:\\\/\\\/neuroclinicbarrie.com\\\/de\\\/?s={search_term_string}\"},\"query-input\":{\"@type\":\"PropertyValueSpecification\",\"valueRequired\":true,\"valueName\":\"search_term_string\"}}],\"inLanguage\":\"de-DE\"}]}<\/script>\n<!-- \/ Yoast SEO plugin. -->","yoast_head_json":{"title":"Neurod\u00e9veloppement au Travers du Mouvement - Neuro Clinic","robots":{"index":"index","follow":"follow","max-snippet":"max-snippet:-1","max-image-preview":"max-image-preview:large","max-video-preview":"max-video-preview:-1"},"canonical":"https:\/\/neuroclinicbarrie.com\/product\/neurodeveloppement-au-travers-du-mouvement\/","og_locale":"de_DE","og_type":"article","og_title":"Neurod\u00e9veloppement au Travers du Mouvement - Neuro Clinic","og_url":"https:\/\/neuroclinicbarrie.com\/product\/neurodeveloppement-au-travers-du-mouvement\/","og_site_name":"Neuro Clinic","article_modified_time":"2023-05-16T23:01:12+00:00","og_image":[{"width":256,"height":313,"url":"https:\/\/neuroclinicbarrie.com\/wp-content\/uploads\/2014\/03\/11_fr1-1.jpg","type":"image\/jpeg"}],"twitter_card":"summary_large_image","twitter_misc":{"Est. reading time":"1 minute"},"schema":{"@context":"https:\/\/schema.org","@graph":[{"@type":"WebPage","@id":"https:\/\/neuroclinicbarrie.com\/product\/neurodeveloppement-au-travers-du-mouvement\/","url":"https:\/\/neuroclinicbarrie.com\/product\/neurodeveloppement-au-travers-du-mouvement\/","name":"Neurod\u00e9veloppement au Travers du Mouvement - Neuro Clinic","isPartOf":{"@id":"https:\/\/neuroclinicbarrie.com\/de\/#website"},"primaryImageOfPage":{"@id":"https:\/\/neuroclinicbarrie.com\/product\/neurodeveloppement-au-travers-du-mouvement\/#primaryimage"},"image":{"@id":"https:\/\/neuroclinicbarrie.com\/product\/neurodeveloppement-au-travers-du-mouvement\/#primaryimage"},"thumbnailUrl":"https:\/\/neuroclinicbarrie.com\/wp-content\/uploads\/2014\/03\/11_fr1-1.jpg","datePublished":"2021-11-12T17:50:32+00:00","dateModified":"2023-05-16T23:01:12+00:00","breadcrumb":{"@id":"https:\/\/neuroclinicbarrie.com\/product\/neurodeveloppement-au-travers-du-mouvement\/#breadcrumb"},"inLanguage":"de-DE","potentialAction":[{"@type":"ReadAction","target":["https:\/\/neuroclinicbarrie.com\/product\/neurodeveloppement-au-travers-du-mouvement\/"]}]},{"@type":"ImageObject","inLanguage":"de-DE","@id":"https:\/\/neuroclinicbarrie.com\/product\/neurodeveloppement-au-travers-du-mouvement\/#primaryimage","url":"https:\/\/neuroclinicbarrie.com\/wp-content\/uploads\/2014\/03\/11_fr1-1.jpg","contentUrl":"https:\/\/neuroclinicbarrie.com\/wp-content\/uploads\/2014\/03\/11_fr1-1.jpg","width":256,"height":313},{"@type":"BreadcrumbList","@id":"https:\/\/neuroclinicbarrie.com\/product\/neurodeveloppement-au-travers-du-mouvement\/#breadcrumb","itemListElement":[{"@type":"ListItem","position":1,"name":"Home","item":"https:\/\/neuroclinicbarrie.com\/de\/"},{"@type":"ListItem","position":2,"name":"Neurod\u00e9veloppement au Travers du Mouvement"}]},{"@type":"WebSite","@id":"https:\/\/neuroclinicbarrie.com\/de\/#website","url":"https:\/\/neuroclinicbarrie.com\/de\/","name":"Neuro Clinic","description":"Neurofeedback &amp; Neurodevelopment","potentialAction":[{"@type":"SearchAction","target":{"@type":"EntryPoint","urlTemplate":"https:\/\/neuroclinicbarrie.com\/de\/?s={search_term_string}"},"query-input":{"@type":"PropertyValueSpecification","valueRequired":true,"valueName":"search_term_string"}}],"inLanguage":"de-DE"}]}},"_links":{"self":[{"href":"https:\/\/neuroclinicbarrie.com\/de\/wp-json\/wp\/v2\/product\/1795","targetHints":{"allow":["GET"]}}],"collection":[{"href":"https:\/\/neuroclinicbarrie.com\/de\/wp-json\/wp\/v2\/product"}],"about":[{"href":"https:\/\/neuroclinicbarrie.com\/de\/wp-json\/wp\/v2\/types\/product"}],"replies":[{"embeddable":true,"href":"https:\/\/neuroclinicbarrie.com\/de\/wp-json\/wp\/v2\/comments?post=1795"}],"wp:featuredmedia":[{"embeddable":true,"href":"https:\/\/neuroclinicbarrie.com\/de\/wp-json\/wp\/v2\/media\/1447"}],"wp:attachment":[{"href":"https:\/\/neuroclinicbarrie.com\/de\/wp-json\/wp\/v2\/media?parent=1795"}],"wp:term":[{"taxonomy":"product_brand","embeddable":true,"href":"https:\/\/neuroclinicbarrie.com\/de\/wp-json\/wp\/v2\/product_brand?post=1795"},{"taxonomy":"product_cat","embeddable":true,"href":"https:\/\/neuroclinicbarrie.com\/de\/wp-json\/wp\/v2\/product_cat?post=1795"},{"taxonomy":"product_tag","embeddable":true,"href":"https:\/\/neuroclinicbarrie.com\/de\/wp-json\/wp\/v2\/product_tag?post=1795"}],"curies":[{"name":"wp","href":"https:\/\/api.w.org\/{rel}","templated":true}]}}